{"id":2511,"date":"2026-02-04T05:10:12","date_gmt":"2026-02-04T05:10:12","guid":{"rendered":"https:\/\/test.genevainstituteoftechnology.com\/?page_id=2511"},"modified":"2026-03-05T14:51:09","modified_gmt":"2026-03-05T14:51:09","slug":"conditions-generales-de-formation","status":"publish","type":"page","link":"https:\/\/test.genevainstituteoftechnology.com\/fr\/ecole\/conditions-generales-de-formation\/","title":{"rendered":"Conditions g\u00e9n\u00e9rales de formation"},"content":{"rendered":"\t\t<div data-elementor-type=\"wp-page\" data-elementor-id=\"2511\" class=\"elementor elementor-2511\" data-elementor-post-type=\"page\">\n\t\t\t\t<div class=\"elementor-element elementor-element-d368f8c e-flex e-con-boxed e-con e-parent\" data-id=\"d368f8c\" data-element_type=\"container\" data-e-type=\"container\" data-settings=\"{&quot;background_background&quot;:&quot;classic&quot;}\">\n\t\t\t\t\t<div class=\"e-con-inner\">\n\t\t\t\t<div class=\"elementor-element elementor-element-130da1e elementor-widget__width-initial elementor-widget-tablet__width-inherit elementor-invisible elementor-widget elementor-widget-heading\" data-id=\"130da1e\" data-element_type=\"widget\" data-e-type=\"widget\" data-settings=\"{&quot;_animation&quot;:&quot;fadeInUp&quot;}\" data-widget_type=\"heading.default\">\n\t\t\t\t\t<h1 class=\"elementor-heading-title elementor-size-default\">Conditions g\u00e9n\u00e9rales de formation<\/h1>\t\t\t\t<\/div>\n\t\t\t\t<div class=\"elementor-element elementor-element-5b155e5 elementor-widget__width-initial elementor-widget-mobile__width-inherit elementor-widget-tablet__width-inherit elementor-invisible elementor-widget elementor-widget-text-editor\" data-id=\"5b155e5\" data-element_type=\"widget\" data-e-type=\"widget\" data-settings=\"{&quot;_animation&quot;:&quot;fadeInUp&quot;,&quot;_animation_delay&quot;:100}\" data-widget_type=\"text-editor.default\">\n\t\t\t\t\t\t\t\t\t<p>Ces conditions g\u00e9n\u00e9rales r\u00e9gissent la prestation de services&nbsp; de formation de Geneva Institute of Technology ( institution cr\u00e9\u00e9e sous la d\u00e9nomination l\u00e9gale de Satom IT &amp; Learning Solutions, une soci\u00e9t\u00e9 sp\u00e9cialis\u00e9e dans le domaine de la formation en ICT ) et constituent l\u2019accord dans son entier ; elles remplacent tout accord ant\u00e9rieur, verbal o\u00f9 \u00e9crit entre les parties.<\/p>\t\t\t\t\t\t\t\t<\/div>\n\t\t\t\t\t<\/div>\n\t\t\t\t<\/div>\n\t\t<div class=\"elementor-element elementor-element-26a2033 e-flex e-con-boxed e-con e-parent\" data-id=\"26a2033\" data-element_type=\"container\" data-e-type=\"container\">\n\t\t\t\t\t<div class=\"e-con-inner\">\n\t\t\t\t<div class=\"elementor-element elementor-element-8861ab9 elementor-widget__width-initial elementor-invisible elementor-widget elementor-widget-heading\" data-id=\"8861ab9\" data-element_type=\"widget\" data-e-type=\"widget\" data-settings=\"{&quot;_animation&quot;:&quot;fadeInUp&quot;}\" data-widget_type=\"heading.default\">\n\t\t\t\t\t<h2 class=\"elementor-heading-title elementor-size-default\">\u00c0 propos de la formation<\/h2>\t\t\t\t<\/div>\n\t\t\t\t<div class=\"elementor-element elementor-element-c44f5bc elementor-widget elementor-widget-text-editor\" data-id=\"c44f5bc\" data-element_type=\"widget\" data-e-type=\"widget\" data-widget_type=\"text-editor.default\">\n\t\t\t\t\t\t\t\t\t<p>Les formations Geneva Institute of Technology (\u00c9cole sup\u00e9rieure des technologies de l\u2019information appliqu\u00e9es aux m\u00e9tiers) ont pour objectif de former de futurs cadres ayant l\u2019ensemble des comp\u00e9tences n\u00e9cessaires afin d\u2019avoir l\u2019enti\u00e8re responsabilit\u00e9 de la conduite de projets informatiques \u00e9tendus ou complexes.<\/p><p>\u00c0 ce titre, ils ont une expertise technique, technologique et la maitrise des concepts en architecture, applications, syst\u00e8me, r\u00e9seau et s\u00e9curit\u00e9 informatiques.<\/p><p>Ils ont d\u00e9velopp\u00e9 des capacit\u00e9s d\u2019analyse et de r\u00e9solution de probl\u00e8mes complexes ainsi qu\u2019un bon sens relationnel et manag\u00e9rial afin de g\u00e9rer des \u00e9quipes.<\/p><p>Enfin, ils appr\u00e9hendent l\u2019environnement d\u2019une organisation et la gestion de ses niveaux de services afin de garantir le niveau de satisfaction le plus \u00e9lev\u00e9.<\/p><p>Ils occupent des postes \u00e0 forte autonomie et responsabilit\u00e9. Ils sont plac\u00e9s en r\u00e8gle g\u00e9n\u00e9rale sous la direction d\u2019un Directeur informatique, Directeur des syst\u00e8mes d\u2019information ou directement sous celle des responsables de l\u2019organisation.<\/p><p>Leur responsabilit\u00e9 est transversale sur les diff\u00e9rents projets qu\u2019ils engagent.<\/p><p>La formation est organis\u00e9e sur 5 ann\u00e9es de formation post-bac.<\/p><p>Les groupes sont nomm\u00e9s E1 \u00e0 E5 en fonction de l\u2019ann\u00e9e de formation \u00e9ponyme.<\/p><p>En fin de 3\u00e8me ann\u00e9e, les \u00e9tudes au sein de l\u2019\u00e9cole Geneva Institute of Technology\u00a0permettent de pr\u00e9parer le titre enregistr\u00e9 au RNCP au niveau 6 (Bac+3).<\/p><p>En fin de 5\u00e8me ann\u00e9e, les \u00e9tudes au sein de l\u2019\u00e9cole Geneva Institute of Technologypermettent de pr\u00e9parer le titre enregistr\u00e9 au RNCP au niveau 7 (Bac+5).<\/p>\t\t\t\t\t\t\t\t<\/div>\n\t\t\t\t<div class=\"elementor-element elementor-element-4ab0dfa elementor-widget__width-initial elementor-invisible elementor-widget elementor-widget-heading\" data-id=\"4ab0dfa\" data-element_type=\"widget\" data-e-type=\"widget\" data-settings=\"{&quot;_animation&quot;:&quot;fadeInUp&quot;}\" data-widget_type=\"heading.default\">\n\t\t\t\t\t<h2 class=\"elementor-heading-title elementor-size-default\">Inscription<\/h2>\t\t\t\t<\/div>\n\t\t\t\t<div class=\"elementor-element elementor-element-131e596 elementor-widget__width-inherit elementor-widget-mobile__width-inherit elementor-widget-tablet__width-inherit elementor-invisible elementor-widget elementor-widget-text-editor\" data-id=\"131e596\" data-element_type=\"widget\" data-e-type=\"widget\" data-settings=\"{&quot;_animation&quot;:&quot;fadeInUp&quot;,&quot;_animation_delay&quot;:100}\" data-widget_type=\"text-editor.default\">\n\t\t\t\t\t\t\t\t\t<p>Les inscriptions peuvent se faire directement sur le site internet par e-mail et t\u00e9l\u00e9phone.<br \/><b>Web<\/b> : genevainstituteoftechnology.com<br \/><b>T\u00e9l\u00e9phone<\/b> : +41 22 757 66 86<br \/><b>E-mail<\/b> : admissions@git.swiss\u00a0<\/p><p><strong>A. Proc\u00e9dure\u00a0<\/strong><\/p><p>Chaque candidat doit suivre le processus suivant pour proc\u00e9der \u00e0 son inscription au Geneva Institute of Technology :<br \/>\u2022 D\u00e9poser son dossier de candidature compl\u00e9t\u00e9 \u00e0 l\u2019adresse : genevainstituteoftechnology.com\/inscription\/<br \/>\u2022 Avoir \u00e9t\u00e9 d\u00e9clar\u00e9 admissible par la commission d\u2019admission\u00a0 pour pourvoir proc\u00e9der \u00e0 la suite de<br \/>son inscription,<br \/>\u2022 Participer \u00e0 une session de s\u00e9lection et de tests techniques de l\u2019\u00e9cole (sauf pour une admission en 1\u00e8re ann\u00e9e).<br \/>\u2022 Participer \u00e0 un entretien d\u2019admission avec un jury de l\u2019\u00e9cole.<br \/>\u2022 Compl\u00e9ter et signer le pr\u00e9sent bulletin d\u2019inscription, s\u2019acquitter de l\u2019int\u00e9gralit\u00e9 de ses frais de scolarit\u00e9 (le titre, le certificat ou<br \/>le dipl\u00f4me ne sera d\u00e9livr\u00e9 qu\u2019apr\u00e8s paiement int\u00e9gral de la formation).<br \/>\u2022 Fournir une attestation d\u2019assurance accidents.\u00a0<\/p><p><strong>B. Ordinateur portable et Smartphone<\/strong><\/p><p>\u2022 Processeur Core i7 ou i9 (12\u00e8me g\u00e9n\u00e9ration) \u2022 Carte graphique 6 GB \u2022 Disque dur SSD 1 To minimum \u2022 M\u00e9moire vive 8 GB \u2022 Pour les ordinateurs Apple, utilisation d&rsquo;un Windows 10 C.\u00a0<\/p><p>Caract\u00e9ristiques minimales du smartphone personnel de l\u2019\u00e9tudiant :<\/p><p>\u2022 T\u00e9l\u00e9phone Android 5.1 minimum (avec appareil photo) ou Apple iPhone avec iOS 10 minimum.<\/p><p><strong>C. Frais de scolarit\u00e9<\/strong><\/p><p>Les frais de scolarit\u00e9 \u00e0 l\u2019\u00e9cole Geneva Institute of Technology sont constitu\u00e9s des droits de scolarit\u00e9 pour l\u2019ann\u00e9e scolaire.\u00a0<\/p><p><strong>Droits de scolarit\u00e9 :\u00a0<\/strong><\/p><p>Les droits de scolarit\u00e9 \u00e0 l\u2019\u00e9cole Geneva Institute of Technology sont forfaitaires et payables selon l\u2019\u00e9ch\u00e9ancier suivant :\u00a0<\/p><p><strong><i>Inscription 1 \u00e8re ou 2 \u00e8me ann\u00e9e :\u00a0<\/i><\/strong>\u00a0<\/p><ul><li>Soit en une fois : versement d&rsquo;un montant de 9900 CHF lors de votre inscription pour encaissement imm\u00e9diat au plus tard le 15\/07\/2025.\u00a0\u00a0<\/li><li>Soit en 10 fois : versement d&rsquo;un montant de 1430 CHF \u00e0 payer d\u2019ici au 15\/07\/2025 et le solde d\u2019un montant de 860 CHF en 10 mensualit\u00e9s chacune qui seront encaiss\u00e9es le 1 er de chaque mois du 01\/10\/2025 au 01\/07\/2026.<\/li><li>Soit tardif, en 10 fois : versement d&rsquo;un montant de 2640 CHF \u00e0 payer d\u2019ici au 30\/09\/2025 et le solde d\u2019un montant de 825 CHF en 10 mensualit\u00e9s chacune qui seront encaiss\u00e9es le 1 er de chaque mois du 01\/10\/2025 au 01\/07\/2026.\u00a0<\/li><\/ul><p>\u00a0<\/p><p><em><strong>Inscription en 3 \u00e8me, 4 \u00e8me ou 5 \u00e8me ann\u00e9e :\u00a0<\/strong><\/em><\/p><ul><li>Soit en stage ou alternance en Suisse : une convention de stage tripartite doit \u00eatre sign\u00e9e entre l\u2019\u00e9l\u00e8ve, Geneva Institute of Technology et l\u2019entreprise avant le 31\/12\/2025. Montant \u00e0 payer par l\u2019entreprise ou l\u2019\u00e9l\u00e8ve : 9900 CHF.\u00a0<\/li><li>Soit en stage ou alternance en France : une convention de stage tripartite doit \u00eatre sign\u00e9e entre l\u2019\u00e9l\u00e8ve, Geneva Institute of Technology et l\u2019entreprise avant le 31\/12\/2025. Montant \u00e0 payer : 9900 CHF. Le solde non pris en charge par l\u2019OPCO est \u00e0 charge de l\u2019\u00e9l\u00e8ve. Dans les deux cas, un montant de 500 CHF est demand\u00e9 pour confirmation d\u2019inscription.\u00a0<\/li><li>Soit en une fois : versement d&rsquo;un montant de 9900 CHF lors de votre inscription pour encaissement imm\u00e9diat au plus tard le 15\/07\/2025.<\/li><li>Soit en 10 fois : versement d&rsquo;un montant de 1430 CHF \u00e0 payer d\u2019ici au 15\/07\/2025 et le solde d\u2019un montant de CHF 860 en 10 mensualit\u00e9s chacune qui seront encaiss\u00e9es le 1 er de chaque mois du 01\/10\/2025 au 01\/07\/2026.\u00a0<\/li><li>Soit tardif, en 10 fois : versement d&rsquo;un montant de 2640 CHF \u00e0 payer d\u2019ici au 30\/09\/2025 et le solde d\u2019un montant de 825 CHF en 10 mensualit\u00e9s chacune qui seront encaiss\u00e9es le 1 er de chaque mois du 01\/10\/2025 au 01\/07\/2026.\u00a0<\/li><\/ul><p>\u00a0<\/p><p>Ce versement vous garantit la r\u00e9servation de votre place pour l\u2019ann\u00e9e scolaire \u00e0 venir dans le cursus pour lequel vous avez \u00e9t\u00e9 d\u00e9clar\u00e9 admissible par l\u2019\u00e9cole Geneva Institute of Technology. Toute \u00e9ch\u00e9ance impay\u00e9e, sauf accord PREALABLE avec l\u2019administration de l\u2019\u00e9cole, de m\u00eame que toute absence injustifi\u00e9e d\u2019une dur\u00e9e sup\u00e9rieure \u00e0 un mois, entra\u00eene l\u2019exclusion imm\u00e9diate de l\u2019\u00e9tudiant, la perte de toute facilit\u00e9 de paiement et l\u2019exigibilit\u00e9 imm\u00e9diate du solde annuel des frais de scolarit\u00e9. L\u2019\u00e9tudiant ne pourra se r\u00e9inscrire qu\u2019\u00e0 la r\u00e9ception de son paiement et apr\u00e8s avoir r\u00e9gl\u00e9 des frais administratifs de r\u00e9int\u00e9gration d\u2019un montant de CHF 40.<\/p><p><strong>Modalit\u00e9s de paiement : <\/strong><\/p><p>Le paiement des sommes dues se feront sur le compte bancaire suivant :<\/p><ul><li>Satom IT &amp; Learning Solutions ( soci\u00e9t\u00e9 m\u00e8re du Geneva Institute of Technology )<\/li><li>Quai du Seujet 10, 1201 Gen\u00e8ve Suisse<\/li><li>Banque Cantonale de Gen\u00e8ve IBAN : CH 12 0078 8000 K328 4351 1<\/li><li>BIC: BCGECHGGXXX<\/li><\/ul>\t\t\t\t\t\t\t\t<\/div>\n\t\t\t\t<div class=\"elementor-element elementor-element-aaf5eb0 elementor-widget__width-initial elementor-invisible elementor-widget elementor-widget-heading\" data-id=\"aaf5eb0\" data-element_type=\"widget\" data-e-type=\"widget\" data-settings=\"{&quot;_animation&quot;:&quot;fadeInUp&quot;}\" data-widget_type=\"heading.default\">\n\t\t\t\t\t<h2 class=\"elementor-heading-title elementor-size-default\">R\u00e9tractation<\/h2>\t\t\t\t<\/div>\n\t\t\t\t<div class=\"elementor-element elementor-element-88efb5c elementor-widget__width-inherit elementor-widget-mobile__width-inherit elementor-widget-tablet__width-inherit elementor-invisible elementor-widget elementor-widget-text-editor\" data-id=\"88efb5c\" data-element_type=\"widget\" data-e-type=\"widget\" data-settings=\"{&quot;_animation&quot;:&quot;fadeInUp&quot;,&quot;_animation_delay&quot;:100}\" data-widget_type=\"text-editor.default\">\n\t\t\t\t\t\t\t\t\t<p>L\u2019\u00e9tudiant dispose d\u2019un d\u00e9lai d\u2019<strong>un mois<\/strong> apr\u00e8s son inscription pour exercer, exclusivement par lettre recommand\u00e9e avec accus\u00e9 de r\u00e9ception (envoy\u00e9e \u00e0 l&rsquo;adresse suivante : Geneva Institute of Technology, c\/o Satom IT &amp; Learning Solutions, Quai du Seujet 10, 1201 Gen\u00e8ve, Suisse), son droit de r\u00e9tractation et r\u00e9clamer le remboursement des sommes encaiss\u00e9es par Geneva Institute of Technology. Si ce d\u00e9lai expire un samedi, un dimanche ou un jour f\u00e9ri\u00e9 ou ch\u00f4m\u00e9, il est prorog\u00e9 jusqu&rsquo;au premier jour ouvr\u00e9 suivant. Ce d\u00e9lai est prolong\u00e9 jusqu&rsquo;au 15 septembre de l&rsquo;ann\u00e9e en cours pour les candidats admis sous r\u00e9serve et n&rsquo;ayant pas obtenu le titre leur permettant d&rsquo;int\u00e9grer le Geneva Institute of Technology (par exemple : \u00e9chec au baccalaur\u00e9at) et ayant communiqu\u00e9 leurs r\u00e9sultats avant le 15 juillet de l&rsquo;ann\u00e9e en cours.<\/p><p>Dans le cas d\u2019une annulation pour refus de visa, aucun remboursement ne sera accept\u00e9.\u00a0<\/p><p>Pour toute annulation re\u00e7ue moins de 30 jours avant le d\u00e9but de la formation, Geneva Institute of Technology se r\u00e9serve le droit de facturer un d\u00e9dit de 30% des frais de scolarit\u00e9.\u00a0<\/p><p>En cas d\u2019absence ou d\u2019abandon en cours de formation, cette derni\u00e8re est payable en totalit\u00e9.\u00a0<\/p><p>Attention, dans le cas o\u00f9 le nombre de participants \u00e0 une formation serait jug\u00e9 insuffisant, Geneva Institute of Technology se r\u00e9serve le droit d\u2019ajourner cette formation. Dans ce cas chaque \u00e9tudiant concern\u00e9 se verra proposer soit une inscription \u00e0 un cursus de m\u00eame niveau d\u00e9livr\u00e9 par Geneva Institute of Technology, soit une inscription au m\u00eame cursus sur un campus partenaire diff\u00e9rent situ\u00e9 dans un rayon de 50 km du campus choisi par l\u2019\u00c9tudiant, soit le remboursement de ses droits de scolarit\u00e9.\u00a0<\/p><p>Toute contestation qui n\u2019aurait pas \u00e9t\u00e9 r\u00e9gl\u00e9e \u00e0 l\u2019amiable sera port\u00e9e devant le Tribunal de la R\u00e9publique et Canton de Gen\u00e8ve.<\/p>\t\t\t\t\t\t\t\t<\/div>\n\t\t<div class=\"elementor-element elementor-element-90e09d0 e-con-full e-flex e-con e-child\" data-id=\"90e09d0\" data-element_type=\"container\" data-e-type=\"container\">\n\t\t\t\t<div class=\"elementor-element elementor-element-b30b979 elementor-align-center elementor-widget elementor-widget-button\" data-id=\"b30b979\" data-element_type=\"widget\" data-e-type=\"widget\" data-widget_type=\"button.default\">\n\t\t\t\t\t\t\t\t\t\t<a class=\"elementor-button elementor-button-link elementor-size-sm\" href=\"https:\/\/test.genevainstituteoftechnology.com\/ecole\/reglement-des-etudes\/\">\n\t\t\t\t\t\t<span class=\"elementor-button-content-wrapper\">\n\t\t\t\t\t\t\t\t\t<span class=\"elementor-button-text\">Consulter le r\u00e8glement des \u00e9tudes<\/span>\n\t\t\t\t\t<\/span>\n\t\t\t\t\t<\/a>\n\t\t\t\t\t\t\t\t<\/div>\n\t\t\t\t<\/div>\n\t\t\t\t<div class=\"elementor-element elementor-element-d8579c9 elementor-widget__width-initial elementor-invisible elementor-widget elementor-widget-heading\" data-id=\"d8579c9\" data-element_type=\"widget\" data-e-type=\"widget\" data-settings=\"{&quot;_animation&quot;:&quot;fadeInUp&quot;}\" data-widget_type=\"heading.default\">\n\t\t\t\t\t<h2 class=\"elementor-heading-title elementor-size-default\">For<\/h2>\t\t\t\t<\/div>\n\t\t\t\t<div class=\"elementor-element elementor-element-2e1fe00 elementor-widget__width-inherit elementor-widget-mobile__width-inherit elementor-widget-tablet__width-inherit elementor-invisible elementor-widget elementor-widget-text-editor\" data-id=\"2e1fe00\" data-element_type=\"widget\" data-e-type=\"widget\" data-settings=\"{&quot;_animation&quot;:&quot;fadeInUp&quot;,&quot;_animation_delay&quot;:100}\" data-widget_type=\"text-editor.default\">\n\t\t\t\t\t\t\t\t\t<p>Sauf disposition express pr\u00e9vue par d\u00e9rogation, tous les droits et obligations des parties seront applicables en Suisse ou aux Lichtenstein. Les parties contractantes conviennent que le droit Suisse s\u2019applique et que la comp\u00e9tence exclusive du for de Gen\u00e8ve s\u2019applique.<br \/>Toute autre disposition pr\u00e9sente condition est invalide.<\/p>\t\t\t\t\t\t\t\t<\/div>\n\t\t\t\t\t<\/div>\n\t\t\t\t<\/div>\n\t\t\t\t<\/div>\n\t\t","protected":false},"excerpt":{"rendered":"<p>Conditions g\u00e9n\u00e9rales de formation Ces conditions g\u00e9n\u00e9rales r\u00e9gissent la prestation de services&nbsp; de formation de Geneva Institute of Technology ( institution cr\u00e9\u00e9e sous la d\u00e9nomination l\u00e9gale de Satom IT &amp; Learning Solutions, une soci\u00e9t\u00e9 sp\u00e9cialis\u00e9e dans le domaine de la formation en ICT ) et constituent l\u2019accord dans son entier ; elles remplacent tout accord [&hellip;]<\/p>\n","protected":false},"author":3,"featured_media":0,"parent":2525,"menu_order":0,"comment_status":"closed","ping_status":"closed","template":"","meta":{"footnotes":""},"class_list":["post-2511","page","type-page","status-publish","hentry"],"_links":{"self":[{"href":"https:\/\/test.genevainstituteoftechnology.com\/fr\/wp-json\/wp\/v2\/pages\/2511","targetHints":{"allow":["GET"]}}],"collection":[{"href":"https:\/\/test.genevainstituteoftechnology.com\/fr\/wp-json\/wp\/v2\/pages"}],"about":[{"href":"https:\/\/test.genevainstituteoftechnology.com\/fr\/wp-json\/wp\/v2\/types\/page"}],"author":[{"embeddable":true,"href":"https:\/\/test.genevainstituteoftechnology.com\/fr\/wp-json\/wp\/v2\/users\/3"}],"replies":[{"embeddable":true,"href":"https:\/\/test.genevainstituteoftechnology.com\/fr\/wp-json\/wp\/v2\/comments?post=2511"}],"version-history":[{"count":0,"href":"https:\/\/test.genevainstituteoftechnology.com\/fr\/wp-json\/wp\/v2\/pages\/2511\/revisions"}],"up":[{"embeddable":true,"href":"https:\/\/test.genevainstituteoftechnology.com\/fr\/wp-json\/wp\/v2\/pages\/2525"}],"wp:attachment":[{"href":"https:\/\/test.genevainstituteoftechnology.com\/fr\/wp-json\/wp\/v2\/media?parent=2511"}],"curies":[{"name":"wp","href":"https:\/\/api.w.org\/{rel}","templated":true}]}}