{"id":3387,"date":"2026-02-19T14:52:09","date_gmt":"2026-02-19T14:52:09","guid":{"rendered":"https:\/\/test.genevainstituteoftechnology.com\/?page_id=3387"},"modified":"2026-03-05T14:53:52","modified_gmt":"2026-03-05T14:53:52","slug":"notre-reseau-de-partenaires","status":"publish","type":"page","link":"https:\/\/test.genevainstituteoftechnology.com\/fr\/ecole\/notre-reseau-de-partenaires\/","title":{"rendered":"Notre r\u00e9seau de partenaires"},"content":{"rendered":"\t\t<div data-elementor-type=\"wp-page\" data-elementor-id=\"3387\" class=\"elementor elementor-3387\" data-elementor-post-type=\"page\">\n\t\t\t\t<div class=\"elementor-element elementor-element-d368f8c e-flex e-con-boxed e-con e-parent\" data-id=\"d368f8c\" data-element_type=\"container\" data-e-type=\"container\" data-settings=\"{&quot;background_background&quot;:&quot;classic&quot;}\">\n\t\t\t\t\t<div class=\"e-con-inner\">\n\t\t\t\t<div class=\"elementor-element elementor-element-130da1e elementor-widget__width-initial elementor-widget-tablet__width-inherit elementor-invisible elementor-widget elementor-widget-heading\" data-id=\"130da1e\" data-element_type=\"widget\" data-e-type=\"widget\" data-settings=\"{&quot;_animation&quot;:&quot;fadeInUp&quot;}\" data-widget_type=\"heading.default\">\n\t\t\t\t\t<h1 class=\"elementor-heading-title elementor-size-default\">Un \u00e9cosyst\u00e8me d'excellence<\/h1>\t\t\t\t<\/div>\n\t\t\t\t<div class=\"elementor-element elementor-element-5b155e5 elementor-widget__width-initial elementor-widget-mobile__width-inherit elementor-widget-tablet__width-inherit elementor-invisible elementor-widget elementor-widget-text-editor\" data-id=\"5b155e5\" data-element_type=\"widget\" data-e-type=\"widget\" data-settings=\"{&quot;_animation&quot;:&quot;fadeInUp&quot;,&quot;_animation_delay&quot;:100}\" data-widget_type=\"text-editor.default\">\n\t\t\t\t\t\t\t\t\t<p>Nous ne formons pas seuls. Le Geneva Institute of Technology s&rsquo;appuie sur un r\u00e9seau puissant de partenaires acad\u00e9miques, technologiques et institutionnels.<\/p>\t\t\t\t\t\t\t\t<\/div>\n\t\t\t\t<div class=\"elementor-element elementor-element-529fb61 elementor-align-center elementor-invisible elementor-widget elementor-widget-button\" data-id=\"529fb61\" data-element_type=\"widget\" data-e-type=\"widget\" data-settings=\"{&quot;_animation&quot;:&quot;fadeInUp&quot;,&quot;_animation_delay&quot;:200}\" data-widget_type=\"button.default\">\n\t\t\t\t\t\t\t\t\t\t<a class=\"elementor-button elementor-button-link elementor-size-sm\" href=\"https:\/\/test.genevainstituteoftechnology.com\/fr\/contactez-nous\/\">\n\t\t\t\t\t\t<span class=\"elementor-button-content-wrapper\">\n\t\t\t\t\t\t\t\t\t<span class=\"elementor-button-text\">Devenir entreprise partenaire<\/span>\n\t\t\t\t\t<\/span>\n\t\t\t\t\t<\/a>\n\t\t\t\t\t\t\t\t<\/div>\n\t\t\t\t\t<\/div>\n\t\t\t\t<\/div>\n\t\t<div class=\"elementor-element elementor-element-26a2033 e-flex e-con-boxed e-con e-parent\" data-id=\"26a2033\" data-element_type=\"container\" data-e-type=\"container\">\n\t\t\t\t\t<div class=\"e-con-inner\">\n\t\t\t\t<div class=\"elementor-element elementor-element-e869b86 elementor-widget__width-inherit elementor-widget-mobile__width-inherit elementor-widget-tablet__width-inherit elementor-invisible elementor-widget elementor-widget-text-editor\" data-id=\"e869b86\" data-element_type=\"widget\" data-e-type=\"widget\" data-settings=\"{&quot;_animation&quot;:&quot;fadeInUp&quot;,&quot;_animation_delay&quot;:100}\" data-widget_type=\"text-editor.default\">\n\t\t\t\t\t\t\t\t\t<div class=\"flex flex-col text-sm pb-25\"><article class=\"text-token-text-primary w-full focus:outline-none [--shadow-height:45px] has-data-writing-block:pointer-events-none has-data-writing-block:-mt-(--shadow-height) has-data-writing-block:pt-(--shadow-height) [&amp;:has([data-writing-block])&gt;*]:pointer-events-auto scroll-mt-[calc(var(--header-height)+min(200px,max(70px,20svh)))]\" dir=\"auto\" tabindex=\"-1\" data-turn-id=\"request-WEB:d6e42ad5-bd3b-4faa-b0e7-0eb968ce18a1-3\" data-testid=\"conversation-turn-8\" data-scroll-anchor=\"true\" data-turn=\"assistant\"><div class=\"text-base my-auto mx-auto pb-10 [--thread-content-margin:--spacing(4)] @w-sm\/main:[--thread-content-margin:--spacing(6)] @w-lg\/main:[--thread-content-margin:--spacing(16)] px-(--thread-content-margin)\"><div class=\"[--thread-content-max-width:40rem] @w-lg\/main:[--thread-content-max-width:48rem] mx-auto max-w-(--thread-content-max-width) flex-1 group\/turn-messages focus-visible:outline-hidden relative flex w-full min-w-0 flex-col agent-turn\" tabindex=\"-1\"><div class=\"flex max-w-full flex-col grow\"><div class=\"min-h-8 text-message relative flex w-full flex-col items-end gap-2 text-start break-words whitespace-normal [.text-message+&amp;]:mt-1\" dir=\"auto\" data-message-author-role=\"assistant\" data-message-id=\"14b75727-9d75-4f35-b03e-2641bb4ad8c0\" data-message-model-slug=\"gpt-5-2\"><div class=\"flex w-full flex-col gap-1 empty:hidden first:pt-[1px]\"><div class=\"markdown prose dark:prose-invert w-full wrap-break-word light markdown-new-styling\"><p data-start=\"0\" data-end=\"347\">Notre \u00e9cole s\u2019appuie sur un large \u00e9ventail de certifications informatiques reconnues et dispens\u00e9es par les principaux acteurs du secteur technologique. Ces partenariats avec les leaders de l\u2019industrie nous permettent de garantir un enseignement align\u00e9 sur les standards professionnels actuels et sur les exigences concr\u00e8tes du march\u00e9 du travail.<\/p><p data-start=\"349\" data-end=\"731\">Nous int\u00e9grons cette expertise directement au c\u0153ur de nos programmes p\u00e9dagogiques afin d\u2019offrir \u00e0 nos \u00e9tudiants des connaissances actualis\u00e9es, pertinentes et en ad\u00e9quation avec les \u00e9volutions rapides du num\u00e9rique. Les contenus de formation sont r\u00e9guli\u00e8rement mis \u00e0 jour pour inclure les notions les plus r\u00e9centes, les outils innovants et les m\u00e9thodologies utilis\u00e9es en entreprise.<\/p><p data-start=\"733\" data-end=\"1259\">Au-del\u00e0 des aspects th\u00e9oriques, nous accordons une place essentielle \u00e0 la pratique et au d\u00e9veloppement du savoir-faire. \u00c0 travers des projets concrets, des mises en situation professionnelle et l\u2019utilisation de technologies de derni\u00e8re g\u00e9n\u00e9ration, nos \u00e9tudiants acqui\u00e8rent des comp\u00e9tences techniques solides ainsi qu\u2019une v\u00e9ritable capacit\u00e9 d\u2019adaptation. Ainsi, ils sont pr\u00e9par\u00e9s \u00e0 relever les d\u00e9fis technologiques actuels et \u00e0 s\u2019int\u00e9grer efficacement dans des environnements professionnels exigeants et en constante \u00e9volution.<\/p><\/div><\/div><\/div><\/div><\/div><\/div><\/article><\/div>\t\t\t\t\t\t\t\t<\/div>\n\t\t\t\t<div class=\"elementor-element elementor-element-55c2b67 elementor-widget__width-initial elementor-invisible elementor-widget elementor-widget-heading\" data-id=\"55c2b67\" data-element_type=\"widget\" data-e-type=\"widget\" data-settings=\"{&quot;_animation&quot;:&quot;fadeInUp&quot;}\" data-widget_type=\"heading.default\">\n\t\t\t\t\t<h2 class=\"elementor-heading-title elementor-size-default\">Ils valident nos  <span class=\"colored-head\"> comp\u00e9tences<\/span> <\/h2>\t\t\t\t<\/div>\n\t\t<div class=\"elementor-element elementor-element-7690a03 e-grid e-con-full e-con e-child\" data-id=\"7690a03\" data-element_type=\"container\" data-e-type=\"container\">\n\t\t\t\t<div class=\"elementor-element elementor-element-d583381 elementor-widget elementor-widget-image\" data-id=\"d583381\" data-element_type=\"widget\" data-e-type=\"widget\" data-widget_type=\"image.default\">\n\t\t\t\t\t\t\t\t\t\t\t\t\t\t\t<img decoding=\"async\" width=\"180\" height=\"160\" src=\"https:\/\/test.genevainstituteoftechnology.com\/wp-content\/uploads\/2025\/10\/Frame-18.png\" class=\"attachment-large size-large wp-image-271\" alt=\"\" srcset=\"https:\/\/test.genevainstituteoftechnology.com\/wp-content\/uploads\/2025\/10\/Frame-18.png 180w, https:\/\/test.genevainstituteoftechnology.com\/wp-content\/uploads\/2025\/10\/Frame-18-14x12.png 14w\" sizes=\"(max-width: 180px) 100vw, 180px\" \/>\t\t\t\t\t\t\t\t\t\t\t\t\t\t\t<\/div>\n\t\t\t\t<div class=\"elementor-element elementor-element-ff673b5 elementor-widget elementor-widget-image\" data-id=\"ff673b5\" data-element_type=\"widget\" data-e-type=\"widget\" data-widget_type=\"image.default\">\n\t\t\t\t\t\t\t\t\t\t\t\t\t\t\t<img decoding=\"async\" width=\"180\" height=\"160\" src=\"https:\/\/test.genevainstituteoftechnology.com\/wp-content\/uploads\/2025\/10\/Frame-19.png\" class=\"attachment-large size-large wp-image-272\" alt=\"\" srcset=\"https:\/\/test.genevainstituteoftechnology.com\/wp-content\/uploads\/2025\/10\/Frame-19.png 180w, https:\/\/test.genevainstituteoftechnology.com\/wp-content\/uploads\/2025\/10\/Frame-19-14x12.png 14w\" sizes=\"(max-width: 180px) 100vw, 180px\" \/>\t\t\t\t\t\t\t\t\t\t\t\t\t\t\t<\/div>\n\t\t\t\t<div class=\"elementor-element elementor-element-4f4eea3 elementor-widget elementor-widget-image\" data-id=\"4f4eea3\" data-element_type=\"widget\" data-e-type=\"widget\" data-widget_type=\"image.default\">\n\t\t\t\t\t\t\t\t\t\t\t\t\t\t\t<img decoding=\"async\" width=\"180\" height=\"160\" src=\"https:\/\/test.genevainstituteoftechnology.com\/wp-content\/uploads\/2025\/10\/Frame-17-1.png\" class=\"attachment-large size-large wp-image-273\" alt=\"\" srcset=\"https:\/\/test.genevainstituteoftechnology.com\/wp-content\/uploads\/2025\/10\/Frame-17-1.png 180w, https:\/\/test.genevainstituteoftechnology.com\/wp-content\/uploads\/2025\/10\/Frame-17-1-14x12.png 14w\" sizes=\"(max-width: 180px) 100vw, 180px\" \/>\t\t\t\t\t\t\t\t\t\t\t\t\t\t\t<\/div>\n\t\t\t\t<div class=\"elementor-element elementor-element-856ab8f elementor-widget elementor-widget-image\" data-id=\"856ab8f\" data-element_type=\"widget\" data-e-type=\"widget\" data-widget_type=\"image.default\">\n\t\t\t\t\t\t\t\t\t\t\t\t\t\t\t<img loading=\"lazy\" decoding=\"async\" width=\"180\" height=\"160\" src=\"https:\/\/test.genevainstituteoftechnology.com\/wp-content\/uploads\/2025\/10\/Frame-17.png\" class=\"attachment-large size-large wp-image-274\" alt=\"\" srcset=\"https:\/\/test.genevainstituteoftechnology.com\/wp-content\/uploads\/2025\/10\/Frame-17.png 180w, https:\/\/test.genevainstituteoftechnology.com\/wp-content\/uploads\/2025\/10\/Frame-17-14x12.png 14w\" sizes=\"(max-width: 180px) 100vw, 180px\" \/>\t\t\t\t\t\t\t\t\t\t\t\t\t\t\t<\/div>\n\t\t\t\t<div class=\"elementor-element elementor-element-cde9dba elementor-widget elementor-widget-image\" data-id=\"cde9dba\" data-element_type=\"widget\" data-e-type=\"widget\" data-widget_type=\"image.default\">\n\t\t\t\t\t\t\t\t\t\t\t\t\t\t\t<img loading=\"lazy\" decoding=\"async\" width=\"180\" height=\"160\" src=\"https:\/\/test.genevainstituteoftechnology.com\/wp-content\/uploads\/2025\/10\/Frame-16.png\" class=\"attachment-large size-large wp-image-275\" alt=\"\" srcset=\"https:\/\/test.genevainstituteoftechnology.com\/wp-content\/uploads\/2025\/10\/Frame-16.png 180w, https:\/\/test.genevainstituteoftechnology.com\/wp-content\/uploads\/2025\/10\/Frame-16-14x12.png 14w\" sizes=\"(max-width: 180px) 100vw, 180px\" \/>\t\t\t\t\t\t\t\t\t\t\t\t\t\t\t<\/div>\n\t\t\t\t<div class=\"elementor-element elementor-element-152adca elementor-widget elementor-widget-image\" data-id=\"152adca\" data-element_type=\"widget\" data-e-type=\"widget\" data-widget_type=\"image.default\">\n\t\t\t\t\t\t\t\t\t\t\t\t\t\t\t<img loading=\"lazy\" decoding=\"async\" width=\"180\" height=\"160\" src=\"https:\/\/test.genevainstituteoftechnology.com\/wp-content\/uploads\/2025\/10\/Frame-7-3.png\" class=\"attachment-large size-large wp-image-276\" alt=\"\" srcset=\"https:\/\/test.genevainstituteoftechnology.com\/wp-content\/uploads\/2025\/10\/Frame-7-3.png 180w, https:\/\/test.genevainstituteoftechnology.com\/wp-content\/uploads\/2025\/10\/Frame-7-3-14x12.png 14w\" sizes=\"(max-width: 180px) 100vw, 180px\" \/>\t\t\t\t\t\t\t\t\t\t\t\t\t\t\t<\/div>\n\t\t\t\t<\/div>\n\t\t\t\t\t<\/div>\n\t\t\t\t<\/div>\n\t\t<div class=\"elementor-element elementor-element-2d85cc5 e-flex e-con-boxed e-con e-parent\" data-id=\"2d85cc5\" data-element_type=\"container\" data-e-type=\"container\" data-settings=\"{&quot;background_background&quot;:&quot;classic&quot;}\">\n\t\t\t\t\t<div class=\"e-con-inner\">\n\t\t<div class=\"elementor-element elementor-element-ed2b0ce e-con-full e-grid e-con e-child\" data-id=\"ed2b0ce\" data-element_type=\"container\" data-e-type=\"container\">\n\t\t<div class=\"elementor-element elementor-element-89ba121 e-con-full e-flex elementor-invisible e-con e-child\" data-id=\"89ba121\" data-element_type=\"container\" data-e-type=\"container\" data-settings=\"{&quot;background_background&quot;:&quot;classic&quot;,&quot;animation&quot;:&quot;fadeInUp&quot;}\">\n\t\t<div class=\"elementor-element elementor-element-a0e31be e-con-full e-flex e-con e-child\" data-id=\"a0e31be\" data-element_type=\"container\" data-e-type=\"container\">\n\t\t\t\t<div class=\"elementor-element elementor-element-744f80b elementor-widget__width-inherit elementor-invisible elementor-widget elementor-widget-heading\" data-id=\"744f80b\" data-element_type=\"widget\" data-e-type=\"widget\" data-settings=\"{&quot;_animation&quot;:&quot;fadeInUp&quot;}\" data-widget_type=\"heading.default\">\n\t\t\t\t\t<h2 class=\"elementor-heading-title elementor-size-default\">Nos talents se font <span class=\"colored-head\">recruter<\/span> <\/h2>\t\t\t\t<\/div>\n\t\t\t\t<div class=\"elementor-element elementor-element-2c8a4eb elementor-widget__width-inherit elementor-widget-mobile__width-inherit elementor-widget-tablet__width-inherit elementor-invisible elementor-widget elementor-widget-text-editor\" data-id=\"2c8a4eb\" data-element_type=\"widget\" data-e-type=\"widget\" data-settings=\"{&quot;_animation&quot;:&quot;fadeInUp&quot;,&quot;_animation_delay&quot;:100}\" data-widget_type=\"text-editor.default\">\n\t\t\t\t\t\t\t\t\t<p>Via notre entit\u00e9 historique\u00a0<strong>Satom IT<\/strong>, nous connectons nos \u00e9tudiants aux DSI des plus grandes entreprises suisses.<\/p><p><strong>Forum Entreprises GIT :<\/strong> Nous organisons des \u00e9v\u00e9nements de networking exclusifs afin de mettre nos \u00e9tudiants en relation avec nos entreprises partenaires.\u00a0<\/p><p>Ces \u00e9changes permettent d&rsquo;\u00e9tablir des partenariats de stage \u00e0 grande valeur ajout\u00e9e tant pour nos \u00e9tudiants, qui ont la possibilit\u00e9 de mettre leurs connaissances acquises en cours en pratique et d&rsquo;acqu\u00e9rir de l&rsquo;exp\u00e9rience de terrain, que pour les soci\u00e9t\u00e9s d&rsquo;accueil qui b\u00e9n\u00e9ficient de comp\u00e9tences techniques actualis\u00e9es, d\u2019un regard neuf sur leurs projets num\u00e9riques et d\u2019identifier de futurs talents \u00e0 fort potentiel tout en ma\u00eetrisant leurs co\u00fbts de recrutement.<\/p>\t\t\t\t\t\t\t\t<\/div>\n\t\t\t\t<\/div>\n\t\t\t\t<div class=\"elementor-element elementor-element-293ff81 elementor-widget elementor-widget-button\" data-id=\"293ff81\" data-element_type=\"widget\" data-e-type=\"widget\" data-widget_type=\"button.default\">\n\t\t\t\t\t\t\t\t\t\t<a class=\"elementor-button elementor-button-link elementor-size-sm\" href=\"\/portes-ouvertes\/#forum-entreprises-gl\">\n\t\t\t\t\t\t<span class=\"elementor-button-content-wrapper\">\n\t\t\t\t\t\t\t\t\t<span class=\"elementor-button-text\">Voir le calendrier <\/span>\n\t\t\t\t\t<\/span>\n\t\t\t\t\t<\/a>\n\t\t\t\t\t\t\t\t<\/div>\n\t\t\t\t<\/div>\n\t\t<div class=\"elementor-element elementor-element-89d8c4f e-con-full e-flex e-con e-child\" data-id=\"89d8c4f\" data-element_type=\"container\" data-e-type=\"container\">\n\t\t\t\t<div class=\"elementor-element elementor-element-6ba1fe5 elementor-invisible elementor-widget elementor-widget-image\" data-id=\"6ba1fe5\" data-element_type=\"widget\" data-e-type=\"widget\" data-settings=\"{&quot;_animation&quot;:&quot;fadeInUp&quot;,&quot;_animation_delay&quot;:200}\" data-widget_type=\"image.default\">\n\t\t\t\t\t\t\t\t\t\t\t\t\t\t\t<img loading=\"lazy\" decoding=\"async\" width=\"2560\" height=\"1707\" src=\"https:\/\/test.genevainstituteoftechnology.com\/wp-content\/uploads\/2026\/01\/pexels-fauxels-3184416-scaled.jpg\" class=\"attachment-full size-full wp-image-1907\" alt=\"\" srcset=\"https:\/\/test.genevainstituteoftechnology.com\/wp-content\/uploads\/2026\/01\/pexels-fauxels-3184416-scaled.jpg 2560w, https:\/\/test.genevainstituteoftechnology.com\/wp-content\/uploads\/2026\/01\/pexels-fauxels-3184416-300x200.jpg 300w, https:\/\/test.genevainstituteoftechnology.com\/wp-content\/uploads\/2026\/01\/pexels-fauxels-3184416-1024x683.jpg 1024w, https:\/\/test.genevainstituteoftechnology.com\/wp-content\/uploads\/2026\/01\/pexels-fauxels-3184416-768x512.jpg 768w, https:\/\/test.genevainstituteoftechnology.com\/wp-content\/uploads\/2026\/01\/pexels-fauxels-3184416-1536x1024.jpg 1536w, https:\/\/test.genevainstituteoftechnology.com\/wp-content\/uploads\/2026\/01\/pexels-fauxels-3184416-2048x1365.jpg 2048w, https:\/\/test.genevainstituteoftechnology.com\/wp-content\/uploads\/2026\/01\/pexels-fauxels-3184416-18x12.jpg 18w\" sizes=\"(max-width: 2560px) 100vw, 2560px\" \/>\t\t\t\t\t\t\t\t\t\t\t\t\t\t\t<\/div>\n\t\t\t\t<\/div>\n\t\t\t\t<\/div>\n\t\t\t\t\t<\/div>\n\t\t\t\t<\/div>\n\t\t<div class=\"elementor-element elementor-element-18811e4 e-flex e-con-boxed e-con e-parent\" data-id=\"18811e4\" data-element_type=\"container\" data-e-type=\"container\" data-settings=\"{&quot;background_background&quot;:&quot;classic&quot;}\">\n\t\t\t\t\t<div class=\"e-con-inner\">\n\t\t\t\t<div class=\"elementor-element elementor-element-085da62 elementor-widget__width-inherit elementor-widget elementor-widget-heading\" data-id=\"085da62\" data-element_type=\"widget\" data-e-type=\"widget\" data-widget_type=\"heading.default\">\n\t\t\t\t\t<h2 class=\"elementor-heading-title elementor-size-default\">Votre entreprise cherche des talents IT ?<\/h2>\t\t\t\t<\/div>\n\t\t\t\t<div class=\"elementor-element elementor-element-85122ab elementor-widget__width-initial elementor-widget-mobile__width-inherit elementor-widget-tablet__width-initial elementor-widget elementor-widget-text-editor\" data-id=\"85122ab\" data-element_type=\"widget\" data-e-type=\"widget\" data-widget_type=\"text-editor.default\">\n\t\t\t\t\t\t\t\t\t<p>Acc\u00e9dez \u00e0 une p\u00e9pini\u00e8re de futurs experts op\u00e9rationnels imm\u00e9diatement.<\/p>\t\t\t\t\t\t\t\t<\/div>\n\t\t<div class=\"elementor-element elementor-element-c7ca0f9 e-con-full e-flex e-con e-child\" data-id=\"c7ca0f9\" data-element_type=\"container\" data-e-type=\"container\">\n\t\t\t\t<div class=\"elementor-element elementor-element-545da35 elementor-widget elementor-widget-button\" data-id=\"545da35\" data-element_type=\"widget\" data-e-type=\"widget\" data-widget_type=\"button.default\">\n\t\t\t\t\t\t\t\t\t\t<a class=\"elementor-button elementor-button-link elementor-size-sm\" href=\"https:\/\/test.genevainstituteoftechnology.com\/fr\/contactez-nous\/\">\n\t\t\t\t\t\t<span class=\"elementor-button-content-wrapper\">\n\t\t\t\t\t\t\t\t\t<span class=\"elementor-button-text\">Nous contacter <\/span>\n\t\t\t\t\t<\/span>\n\t\t\t\t\t<\/a>\n\t\t\t\t\t\t\t\t<\/div>\n\t\t\t\t<\/div>\n\t\t\t\t\t<\/div>\n\t\t\t\t<\/div>\n\t\t\t\t<\/div>\n\t\t","protected":false},"excerpt":{"rendered":"<p>Un \u00e9cosyst\u00e8me d&rsquo;excellence Nous ne formons pas seuls. Le Geneva Institute of Technology s&rsquo;appuie sur un r\u00e9seau puissant de partenaires acad\u00e9miques, technologiques et institutionnels. Devenir entreprise partenaire Notre \u00e9cole s\u2019appuie sur un large \u00e9ventail de certifications informatiques reconnues et dispens\u00e9es par les principaux acteurs du secteur technologique. Ces partenariats avec les leaders de l\u2019industrie nous [&hellip;]<\/p>\n","protected":false},"author":1,"featured_media":0,"parent":2525,"menu_order":0,"comment_status":"closed","ping_status":"closed","template":"","meta":{"footnotes":""},"class_list":["post-3387","page","type-page","status-publish","hentry"],"_links":{"self":[{"href":"https:\/\/test.genevainstituteoftechnology.com\/fr\/wp-json\/wp\/v2\/pages\/3387","targetHints":{"allow":["GET"]}}],"collection":[{"href":"https:\/\/test.genevainstituteoftechnology.com\/fr\/wp-json\/wp\/v2\/pages"}],"about":[{"href":"https:\/\/test.genevainstituteoftechnology.com\/fr\/wp-json\/wp\/v2\/types\/page"}],"author":[{"embeddable":true,"href":"https:\/\/test.genevainstituteoftechnology.com\/fr\/wp-json\/wp\/v2\/users\/1"}],"replies":[{"embeddable":true,"href":"https:\/\/test.genevainstituteoftechnology.com\/fr\/wp-json\/wp\/v2\/comments?post=3387"}],"version-history":[{"count":0,"href":"https:\/\/test.genevainstituteoftechnology.com\/fr\/wp-json\/wp\/v2\/pages\/3387\/revisions"}],"up":[{"embeddable":true,"href":"https:\/\/test.genevainstituteoftechnology.com\/fr\/wp-json\/wp\/v2\/pages\/2525"}],"wp:attachment":[{"href":"https:\/\/test.genevainstituteoftechnology.com\/fr\/wp-json\/wp\/v2\/media?parent=3387"}],"curies":[{"name":"wp","href":"https:\/\/api.w.org\/{rel}","templated":true}]}}